{"id":29127,"date":"2020-04-20T11:18:15","date_gmt":"2020-04-20T09:18:15","guid":{"rendered":"https:\/\/christelkine.ch\/?page_id=29127"},"modified":"2023-06-11T16:17:13","modified_gmt":"2023-06-11T14:17:13","slug":"qui-suis-je","status":"publish","type":"page","link":"https:\/\/christelkine.ch\/de\/qui-suis-je\/","title":{"rendered":"Wer bin ich"},"content":{"rendered":"<p>[et_pb_section fb_built=&#8220;1&#8243; admin_label=&#8220;Header&#8220; _builder_version=&#8220;4.16&#8243; background_color=&#8220;#ffffff&#8220; background_image=&#8220;https:\/\/christelkine.ch\/\/wp-content\/uploads\/2020\/02\/bg_chritel.jpg&#8220; background_size=&#8220;contain&#8220; custom_margin=&#8220;||||false&#8220; custom_padding=&#8220;6vw||6vw||true|false&#8220; global_colors_info=&#8220;{}&#8220;][et_pb_row _builder_version=&#8220;4.16&#8243; background_size=&#8220;contain&#8220; animation_style=&#8220;zoom&#8220; animation_intensity_zoom=&#8220;10%&#8220; global_colors_info=&#8220;{}&#8220;][et_pb_column type=&#8220;4_4&#8243; _builder_version=&#8220;4.16&#8243; custom_padding=&#8220;|||&#8220; global_colors_info=&#8220;{}&#8220; custom_padding__hover=&#8220;|||&#8220;][et_pb_text _builder_version=&#8220;4.20.4&#8243; text_font=&#8220;||||||||&#8220; ul_font=&#8220;||||||||&#8220; ol_font=&#8220;||||||||&#8220; header_font=&#8220;Montserrat|500||on|||||&#8220; header_font_size=&#8220;18px&#8220; header_letter_spacing=&#8220;5px&#8220; header_line_height=&#8220;1.5em&#8220; header_2_font=&#8220;Merriweather|700|||||||&#8220; header_2_font_size=&#8220;60px&#8220; header_2_line_height=&#8220;1.4em&#8220; header_3_font=&#8220;||||||||&#8220; header_4_font=&#8220;||||||||&#8220; header_5_font=&#8220;||||||||&#8220; header_6_font=&#8220;||||||||&#8220; text_orientation=&#8220;center&#8220; header_font_size_tablet=&#8220;&#8220; header_font_size_phone=&#8220;12px&#8220; header_font_size_last_edited=&#8220;on|desktop&#8220; header_2_font_size_tablet=&#8220;50px&#8220; header_2_font_size_phone=&#8220;30px&#8220; header_2_font_size_last_edited=&#8220;on|desktop&#8220; global_colors_info=&#8220;{}&#8220;]<\/p>\n<h2 style=\"text-align: center;\"><span>Die kaleidosckopische<br \/>Welt von Christel<\/span><\/h2>\n<p>[\/et_pb_text][\/et_pb_column][\/et_pb_row][\/et_pb_section][et_pb_section fb_built=&#8220;1&#8243; prev_background_color=&#8220;#ffffff&#8220; admin_label=&#8220;About&#8220; _builder_version=&#8220;4.16&#8243; background_color=&#8220;#fafafa&#8220; use_background_color_gradient=&#8220;on&#8220; background_color_gradient_stops=&#8220;#fafafa 0%|#ffffff 100%&#8220; background_color_gradient_start=&#8220;#fafafa&#8220; background_color_gradient_end=&#8220;#ffffff&#8220; background_image=&#8220;https:\/\/christelkine.ch\/\/wp-content\/uploads\/2020\/02\/05.jpg&#8220; background_size=&#8220;contain&#8220; background_position=&#8220;bottom_right&#8220; background_blend=&#8220;multiply&#8220; custom_padding=&#8220;10vw|||&#8220; top_divider_style=&#8220;wave&#8220; top_divider_height=&#8220;10vw&#8220; top_divider_repeat=&#8220;0.75x&#8220; global_colors_info=&#8220;{}&#8220;][et_pb_row column_structure=&#8220;1_2,1_2&#8243; make_equal=&#8220;on&#8220; _builder_version=&#8220;4.16&#8243; module_alignment=&#8220;center&#8220; custom_padding=&#8220;||0px|||&#8220; locked=&#8220;off&#8220; global_colors_info=&#8220;{}&#8220;][et_pb_column type=&#8220;1_2&#8243; _builder_version=&#8220;4.16&#8243; custom_padding=&#8220;|||&#8220; global_colors_info=&#8220;{}&#8220; custom_padding__hover=&#8220;|||&#8220;][\/et_pb_column][et_pb_column type=&#8220;1_2&#8243; _builder_version=&#8220;4.16&#8243; custom_padding=&#8220;|||&#8220; global_colors_info=&#8220;{}&#8220; custom_padding__hover=&#8220;|||&#8220;][et_pb_image src=&#8220;https:\/\/christelkine.ch\/wp-content\/uploads\/2020\/03\/IMG_0884-1.jpg&#8220; align=&#8220;center&#8220; align_tablet=&#8220;center&#8220; align_phone=&#8220;&#8220; align_last_edited=&#8220;on|desktop&#8220; _builder_version=&#8220;4.16&#8243; background_enable_image=&#8220;off&#8220; background_size=&#8220;contain&#8220; width=&#8220;70%&#8220; width_tablet=&#8220;70%&#8220; width_phone=&#8220;&#8220; width_last_edited=&#8220;on|phone&#8220; max_width=&#8220;70%&#8220; custom_padding=&#8220;0px||0px|||&#8220; border_radii=&#8220;on|1000px|1000px|1000px|1000px&#8220; box_shadow_style=&#8220;preset1&#8243; box_shadow_color=&#8220;rgba(1,33,92,0.1)&#8220; animation=&#8220;top&#8220; global_colors_info=&#8220;{}&#8220;][\/et_pb_image][\/et_pb_column][\/et_pb_row][et_pb_row column_structure=&#8220;1_2,1_2&#8243; _builder_version=&#8220;4.16&#8243; overflow-x=&#8220;visible&#8220; overflow-y=&#8220;visible&#8220; overflow-x_last_edited=&#8220;off|desktop&#8220; collapsed=&#8220;off&#8220; global_colors_info=&#8220;{}&#8220; overflow-x__hover_enabled=&#8220;off|desktop&#8220;][et_pb_column type=&#8220;1_2&#8243; _builder_version=&#8220;4.16&#8243; custom_padding=&#8220;|||&#8220; global_colors_info=&#8220;{}&#8220; custom_padding__hover=&#8220;|||&#8220;][et_pb_blurb title=&#8220;Kind der Berge&#8220; use_icon=&#8220;on&#8220; font_icon=&#8220;&#x4e;||divi||400&#8243; icon_color=&#8220;#ffffff&#8220; image_icon_background_color=&#8220;#95c387&#8243; image_icon_width=&#8220;24px&#8220; image_icon_width_tablet=&#8220;24px&#8220; image_icon_width_phone=&#8220;24px&#8220; image_icon_width_last_edited=&#8220;on|tablet&#8220; _builder_version=&#8220;4.20.4&#8243; header_font=&#8220;Merriweather|700|||||||&#8220; header_line_height=&#8220;1.8em&#8220; body_line_height=&#8220;2em&#8220; background_color=&#8220;#ffffff&#8220; background_image=&#8220;https:\/\/christelkine.ch\/wp-content\/uploads\/2020\/05\/02.jpg&#8220; background_size=&#8220;contain&#8220; background_position=&#8220;top_right&#8220; image_icon_custom_padding=&#8220;25px|25px|25px|25px|false|false&#8220; text_orientation=&#8220;center&#8220; custom_margin=&#8220;||||false|false&#8220; custom_padding=&#8220;50px|30px|50px|30px|true|true&#8220; animation_style=&#8220;zoom&#8220; animation_intensity_zoom=&#8220;10%&#8220; border_radii=&#8220;on|10px|10px|10px|10px&#8220; border_radii_image=&#8220;on|100%|100%|100%|100%&#8220; box_shadow_style=&#8220;preset1&#8243; box_shadow_vertical=&#8220;10px&#8220; box_shadow_blur=&#8220;60px&#8220; box_shadow_color=&#8220;rgba(1,33,92,0.1)&#8220; icon_font_size=&#8220;24px&#8220; image_max_width_tablet=&#8220;60px&#8220; image_max_width_phone=&#8220;&#8220; image_max_width_last_edited=&#8220;on|tablet&#8220; use_circle=&#8220;on&#8220; circle_color=&#8220;#95c387&#8243; global_colors_info=&#8220;{}&#8220; image_icon_background_color__sticky_enabled=&#8220;#7EBEC5&#8243; image_icon_background_color__sticky=&#8220;#7EBEC5&#8243;]<\/p>\n<div class=\"page\" title=\"Page 1\">\n<div class=\"layoutArea\">\n<div class=\"column\">\n<p><span>Christel verbrachte eine zauberhafte Kindheit zwischen Bergweiden und Gondelbahn im sch\u00f6nen Tal von les Ormonts. Eine Kindheit voller Blumen, Pflanzen und Tieren, gepr\u00e4gt von Freiheit, Freude und Unbeschwertheit.<\/span><\/p>\n<\/div>\n<\/div>\n<\/div>\n<p>[\/et_pb_blurb][\/et_pb_column][et_pb_column type=&#8220;1_2&#8243; _builder_version=&#8220;4.16&#8243; custom_padding=&#8220;|||&#8220; global_colors_info=&#8220;{}&#8220; custom_padding__hover=&#8220;|||&#8220;][et_pb_blurb title=&#8220;Zwischen Natur und Mitmenschen&#8220; use_icon=&#8220;on&#8220; font_icon=&#8220;&#x4e;||divi||400&#8243; icon_color=&#8220;#ffffff&#8220; image_icon_background_color=&#8220;#95c387&#8243; image_icon_width=&#8220;24px&#8220; image_icon_width_tablet=&#8220;24px&#8220; image_icon_width_phone=&#8220;24px&#8220; image_icon_width_last_edited=&#8220;on|tablet&#8220; _builder_version=&#8220;4.20.4&#8243; header_font=&#8220;Merriweather|700|||||||&#8220; header_line_height=&#8220;1.8em&#8220; body_line_height=&#8220;2em&#8220; background_color=&#8220;#ffffff&#8220; background_image=&#8220;https:\/\/christelkine.ch\/wp-content\/uploads\/2020\/05\/03.jpg&#8220; background_size=&#8220;contain&#8220; background_position=&#8220;top_right&#8220; image_icon_custom_padding=&#8220;25px|25px|25px|25px|false|false&#8220; text_orientation=&#8220;center&#8220; max_width_last_edited=&#8220;off|desktop&#8220; custom_margin=&#8220;30px||||false|false&#8220; custom_margin_tablet=&#8220;0px||||false|false&#8220; custom_margin_phone=&#8220;&#8220; custom_margin_last_edited=&#8220;on|phone&#8220; custom_padding=&#8220;50px|30px|50px|30px|true|true&#8220; animation_style=&#8220;zoom&#8220; animation_intensity_zoom=&#8220;10%&#8220; border_radii=&#8220;on|10px|10px|10px|10px&#8220; border_radii_image=&#8220;on|100%|100%|100%|100%&#8220; box_shadow_style=&#8220;preset1&#8243; box_shadow_vertical=&#8220;10px&#8220; box_shadow_blur=&#8220;60px&#8220; box_shadow_color=&#8220;rgba(1,33,92,0.1)&#8220; icon_font_size=&#8220;24px&#8220; image_max_width_tablet=&#8220;60px&#8220; image_max_width_phone=&#8220;&#8220; image_max_width_last_edited=&#8220;on|tablet&#8220; use_circle=&#8220;on&#8220; circle_color=&#8220;#95c387&#8243; locked=&#8220;off&#8220; global_colors_info=&#8220;{}&#8220; image_icon_background_color__sticky_enabled=&#8220;#7EBEC5&#8243; image_icon_background_color__sticky=&#8220;#7EBEC5&#8243;]<\/p>\n<div class=\"page\" title=\"Page 1\">\n<div class=\"layoutArea\">\n<div class=\"column\">\n<p><span>Ob es regnet, windet oder schneit, nichts bremst sie: Christel findet in der Natur ihre Lebenskraft, neue Ideen und innere Ruhe.<\/span><\/p>\n<p>So wie sie die Natur sch\u00e4tzt, sch\u00e4tzt sie auch ihre Mitmenschen. Gemeinsam Lachen, die sch\u00f6nen wie die schwierigen Momente teilen, gutes Essen und gem\u00fctliches Zusammensein f\u00e4rbt ihr buntes Leben.<\/p>\n<\/div>\n<\/div>\n<\/div>\n<p>[\/et_pb_blurb][\/et_pb_column][\/et_pb_row][et_pb_row column_structure=&#8220;1_2,1_2&#8243; _builder_version=&#8220;4.16&#8243; collapsed=&#8220;off&#8220; global_colors_info=&#8220;{}&#8220;][et_pb_column type=&#8220;1_2&#8243; _builder_version=&#8220;4.16&#8243; custom_padding=&#8220;|||&#8220; global_colors_info=&#8220;{}&#8220; custom_padding__hover=&#8220;|||&#8220;][et_pb_blurb title=&#8220;Vielf\u00e4ltigkeit des Lebens&#8220; use_icon=&#8220;on&#8220; font_icon=&#8220;&#x4e;||divi||400&#8243; icon_color=&#8220;#ffffff&#8220; image_icon_background_color=&#8220;#95c387&#8243; image_icon_width=&#8220;24px&#8220; image_icon_width_tablet=&#8220;24px&#8220; image_icon_width_phone=&#8220;24px&#8220; image_icon_width_last_edited=&#8220;on|tablet&#8220; _builder_version=&#8220;4.20.4&#8243; header_font=&#8220;Merriweather|700|||||||&#8220; header_line_height=&#8220;1.8em&#8220; body_line_height=&#8220;2em&#8220; background_color=&#8220;#ffffff&#8220; background_image=&#8220;https:\/\/christelkine.ch\/wp-content\/uploads\/2020\/05\/04.jpg&#8220; background_size=&#8220;contain&#8220; background_position=&#8220;top_right&#8220; image_icon_custom_padding=&#8220;25px|25px|25px|25px|false|false&#8220; text_orientation=&#8220;center&#8220; custom_margin=&#8220;||||false|false&#8220; custom_margin_tablet=&#8220;0px|||&#8220; custom_margin_phone=&#8220;&#8220; custom_margin_last_edited=&#8220;on|desktop&#8220; custom_padding=&#8220;50px|30px|50px|30px|true|true&#8220; animation_style=&#8220;zoom&#8220; animation_intensity_zoom=&#8220;10%&#8220; border_radii=&#8220;on|10px|10px|10px|10px&#8220; border_radii_image=&#8220;on|100%|100%|100%|100%&#8220; box_shadow_style=&#8220;preset1&#8243; box_shadow_vertical=&#8220;10px&#8220; box_shadow_blur=&#8220;60px&#8220; box_shadow_color=&#8220;rgba(1,33,92,0.1)&#8220; icon_font_size=&#8220;24px&#8220; image_max_width_tablet=&#8220;60px&#8220; image_max_width_phone=&#8220;&#8220; image_max_width_last_edited=&#8220;on|tablet&#8220; use_circle=&#8220;on&#8220; circle_color=&#8220;#95c387&#8243; locked=&#8220;off&#8220; global_colors_info=&#8220;{}&#8220; image_icon_background_color__sticky_enabled=&#8220;#7EBEC5&#8243; image_icon_background_color__sticky=&#8220;#7EBEC5&#8243;]<\/p>\n<div class=\"page\" title=\"Page 2\">\n<div class=\"layoutArea\">\n<div class=\"column\">\n<p><span>Rhythmus und Gelassenheit, Abenteuer und Alltag, innere Ruhe und Gedankenfluss, Aktivit\u00e4ten und Beobachtung: solche Gegens\u00e4tze wecken Christels Neugier nach bereichernden Erfahrungen und Erkenntnissen.<\/span><\/p>\n<p>Nach einer Ausbildung in Naturheilkunde hat sich Christel f\u00fcr Kinesiologie entscheiden. Sie liebt es, mit ihrer Arbeit Bewegung im menschlichen Dasein ihrer Patienten zu f\u00f6rdern. Mitf\u00fchlend und wohlwollend begleitet Christel ihre Klienten auf deren Lebensweg und hilft ihnen, ihr Potential zu entfalten.<\/p>\n<\/div>\n<\/div>\n<\/div>\n<p>[\/et_pb_blurb][\/et_pb_column][et_pb_column type=&#8220;1_2&#8243; _builder_version=&#8220;4.16&#8243; global_colors_info=&#8220;{}&#8220;][\/et_pb_column][\/et_pb_row][et_pb_row _builder_version=&#8220;4.16&#8243; global_colors_info=&#8220;{}&#8220;][et_pb_column type=&#8220;4_4&#8243; _builder_version=&#8220;4.16&#8243; global_colors_info=&#8220;{}&#8220;][et_pb_blurb use_icon=&#8220;on&#8220; font_icon=&#8220;&#x4e;||divi||400&#8243; icon_color=&#8220;#ffffff&#8220; image_icon_background_color=&#8220;#95c387&#8243; image_icon_width=&#8220;24px&#8220; content_max_width=&#8220;1100px&#8220; image_icon_width_tablet=&#8220;24px&#8220; image_icon_width_phone=&#8220;24px&#8220; image_icon_width_last_edited=&#8220;on|tablet&#8220; _builder_version=&#8220;4.20.4&#8243; header_font=&#8220;Merriweather|700|||||||&#8220; header_line_height=&#8220;1.8em&#8220; body_line_height=&#8220;2em&#8220; background_color=&#8220;#ffffff&#8220; background_image=&#8220;https:\/\/christelkine.ch\/\/wp-content\/uploads\/2020\/02\/04.jpg&#8220; background_size=&#8220;contain&#8220; background_position=&#8220;top_right&#8220; image_icon_custom_padding=&#8220;25px|25px|25px|25px|false|false&#8220; text_orientation=&#8220;center&#8220; custom_margin=&#8220;||||false|false&#8220; custom_margin_tablet=&#8220;0px|||&#8220; custom_margin_phone=&#8220;&#8220; custom_margin_last_edited=&#8220;on|desktop&#8220; custom_padding=&#8220;50px|30px|50px|30px|true|true&#8220; animation_style=&#8220;zoom&#8220; animation_intensity_zoom=&#8220;10%&#8220; border_radii=&#8220;on|10px|10px|10px|10px&#8220; border_radii_image=&#8220;on|100%|100%|100%|100%&#8220; box_shadow_style=&#8220;preset1&#8243; box_shadow_vertical=&#8220;10px&#8220; box_shadow_blur=&#8220;60px&#8220; box_shadow_color=&#8220;rgba(1,33,92,0.1)&#8220; icon_font_size=&#8220;24px&#8220; image_max_width_tablet=&#8220;60px&#8220; image_max_width_phone=&#8220;&#8220; image_max_width_last_edited=&#8220;on|tablet&#8220; use_circle=&#8220;on&#8220; circle_color=&#8220;#95c387&#8243; locked=&#8220;off&#8220; global_colors_info=&#8220;{}&#8220; image_icon_background_color__sticky_enabled=&#8220;#7EBEC5&#8243; image_icon_background_color__sticky=&#8220;#7EBEC5&#8243;]<\/p>\n<div class=\"page\" title=\"Page 2\">\n<div class=\"layoutArea\">\n<div class=\"column\">\n<p><span>Christel ist verheiratet und Mutter von drei Kindern. Sie stammt aus der Romandie. Christel wohnt und arbeitet im Kanton Bern. Nach einer kaufm\u00e4nnischen Ausbildung hat sie eine Schule f\u00fcr Naturheilkunde besucht. Ihre Ausbildung als <span style=\"font-size: 14px;\">Komplement\u00e4r Therapeutin mit eidgen\u00f6ssischem Diplom Methode Kinesiologie<\/span> hat sie bei \u00c9quilibre Formation Fribourg absolviert.<\/span><\/p>\n<\/div>\n<\/div>\n<\/div>\n<p>[\/et_pb_blurb][\/et_pb_column][\/et_pb_row][\/et_pb_section]<\/p>\n","protected":false},"excerpt":{"rendered":"<p>Die kaleidosckopischeWelt von Christel Christel verbrachte eine zauberhafte Kindheit zwischen Bergweiden und Gondelbahn im sch\u00f6nen Tal von les Ormonts. Eine Kindheit voller Blumen, Pflanzen und Tieren, gepr\u00e4gt von Freiheit, Freude und Unbeschwertheit. Ob es regnet, windet oder schneit, nichts bremst sie: Christel findet in der Natur ihre Lebenskraft, neue Ideen und innere Ruhe. So wie [&hellip;]<\/p>\n","protected":false},"author":1,"featured_media":0,"parent":0,"menu_order":0,"comment_status":"closed","ping_status":"closed","template":"","meta":{"_et_pb_use_builder":"on","_et_pb_old_content":"","_et_gb_content_width":"","footnotes":""},"class_list":["post-29127","page","type-page","status-publish","hentry"],"aioseo_notices":[],"_links":{"self":[{"href":"https:\/\/christelkine.ch\/de\/wp-json\/wp\/v2\/pages\/29127","targetHints":{"allow":["GET"]}}],"collection":[{"href":"https:\/\/christelkine.ch\/de\/wp-json\/wp\/v2\/pages"}],"about":[{"href":"https:\/\/christelkine.ch\/de\/wp-json\/wp\/v2\/types\/page"}],"author":[{"embeddable":true,"href":"https:\/\/christelkine.ch\/de\/wp-json\/wp\/v2\/users\/1"}],"replies":[{"embeddable":true,"href":"https:\/\/christelkine.ch\/de\/wp-json\/wp\/v2\/comments?post=29127"}],"version-history":[{"count":10,"href":"https:\/\/christelkine.ch\/de\/wp-json\/wp\/v2\/pages\/29127\/revisions"}],"predecessor-version":[{"id":29213,"href":"https:\/\/christelkine.ch\/de\/wp-json\/wp\/v2\/pages\/29127\/revisions\/29213"}],"wp:attachment":[{"href":"https:\/\/christelkine.ch\/de\/wp-json\/wp\/v2\/media?parent=29127"}],"curies":[{"name":"wp","href":"https:\/\/api.w.org\/{rel}","templated":true}]}}