{"id":29097,"date":"2020-03-01T19:29:46","date_gmt":"2020-03-01T18:29:46","guid":{"rendered":"https:\/\/christelkine.ch\/die-kraft-der-kinesiologie\/"},"modified":"2023-04-12T21:13:26","modified_gmt":"2023-04-12T19:13:26","slug":"die-kraft-der-kinesiologie","status":"publish","type":"page","link":"https:\/\/christelkine.ch\/de\/die-kraft-der-kinesiologie\/","title":{"rendered":"die kraft der kinesiologie"},"content":{"rendered":"<p>[et_pb_section fb_built=&#8220;1&#8243; admin_label=&#8220;Header&#8220; _builder_version=&#8220;4.16&#8243; global_colors_info=&#8220;{}&#8220;][et_pb_row column_structure=&#8220;1_2,1_2&#8243; _builder_version=&#8220;4.16&#8243; background_size=&#8220;contain&#8220; animation_style=&#8220;zoom&#8220; animation_intensity_zoom=&#8220;10%&#8220; global_colors_info=&#8220;{}&#8220;][et_pb_column type=&#8220;1_2&#8243; _builder_version=&#8220;4.16&#8243; custom_padding=&#8220;80px|||&#8220; custom_padding_tablet=&#8220;0px|||&#8220; custom_padding_phone=&#8220;&#8220; custom_padding_last_edited=&#8220;on|tablet&#8220; global_colors_info=&#8220;{}&#8220; custom_padding__hover=&#8220;|||&#8220;][et_pb_text _builder_version=&#8220;4.20.4&#8243; text_font=&#8220;||||||||&#8220; ul_font=&#8220;||||||||&#8220; ol_font=&#8220;||||||||&#8220; header_font=&#8220;Montserrat|500||on|||||&#8220; header_font_size=&#8220;18px&#8220; header_letter_spacing=&#8220;5px&#8220; header_line_height=&#8220;1.5em&#8220; header_2_font=&#8220;Merriweather|700|||||||&#8220; header_2_font_size=&#8220;60px&#8220; header_2_line_height=&#8220;1.4em&#8220; header_3_font=&#8220;||||||||&#8220; header_4_font=&#8220;||||||||&#8220; header_5_font=&#8220;||||||||&#8220; header_6_font=&#8220;||||||||&#8220; header_font_size_tablet=&#8220;&#8220; header_font_size_phone=&#8220;12px&#8220; header_font_size_last_edited=&#8220;on|desktop&#8220; header_2_font_size_tablet=&#8220;50px&#8220; header_2_font_size_phone=&#8220;30px&#8220; header_2_font_size_last_edited=&#8220;on|desktop&#8220; global_colors_info=&#8220;{}&#8220;]<\/p>\n<h2>Die Kraft der kinesiologie<\/h2>\n<p class=\"p1\">Die Kinesiologie -die Therapie der Bewegung- erm\u00f6glicht es Ihnen, mit Muskeltests seelische Ungleichgewichte zu erkennen, die durch schwierige Erlebnisse ausgel\u00f6st wurden.<\/p>\n<p class=\"p1\">Die Kinesiologie begleitet Sie beim Reaktivieren Ihrer inneren Ressourcen, um Ihr physisches, mentales und emotionales Gleichgewicht wiederzufinden.<\/p>\n<p class=\"p1\"><b>Ihr K\u00f6rper ist intelligent. Wir begleiten Sie dabei, das zu entdecken.<\/b><\/p>\n<p class=\"p1\">Durch die Bewegungen Ihres K\u00f6rpers nimmt die Kinesiologie jede Dimension Ihrer Existenz wahr: die emotionale, die mentale und die physische.<\/p>\n<p class=\"p1\"><strong>Was k\u00f6nnen Sie nach ein paar Sitzungen erwarten ?<\/strong><br \/><strong>Ihre Motivation ist das A und O.<\/strong><\/p>\n<p class=\"p1\"><b>Die <a href=\"https:\/\/christelkine.ch\/wp-content\/uploads\/2023\/04\/CK_flyer_1.pdf\">Kinesiologie<\/a> kann Ihnen helfen:<\/b><\/p>\n<p class=\"p1\">Ihren inneren Frieden wiederzufinden Ihre eigenen Wege zu Ihrem t\u00e4glichen Wohlbefinden zu erschaffen Schwierige Situationen mit Ruhe und einem neutralen Blickwinkel zu meistern L\u00f6sungen und Ressourcen zu entdecken, die Sie nicht von Ihnen erwartet h\u00e4tten Sie zu reellen Ver\u00e4nderungen f\u00fchren.<\/p>\n<p class=\"p1\">Hier k\u00f6nnen Sie mehr \u00fcber diese Komplement\u00e4rtherapie erfahren : <a href=\"http:\/\/www.kinesuisse.ch\">www.kinesuisse.ch <\/a><\/p>\n<p class=\"p1\"><strong>Sie arbeiten an sich selbst. Sie entscheiden. Die <a href=\"https:\/\/christelkine.ch\/de\/kontakt\/\">Kinesiologie<\/a> f\u00fchrt und begleitet Sie auf diesem Weg.<\/strong><\/p>\n<p>[\/et_pb_text][et_pb_button button_url=&#8220;@ET-DC@eyJkeW5hbWljIjp0cnVlLCJjb250ZW50IjoicG9zdF9saW5rX3VybF9wYWdlIiwic2V0dGluZ3MiOnsicG9zdF9pZCI6Ijk0NSJ9fQ==@&#8220; button_text=&#8220;Indikationen&#8220; _builder_version=&#8220;4.20.4&#8243; _dynamic_attributes=&#8220;button_url&#8220; custom_button=&#8220;on&#8220; button_text_size=&#8220;13px&#8220; button_text_color=&#8220;#FFFFFF&#8220; button_bg_color=&#8220;#97c28a&#8220; button_border_width=&#8220;0px&#8220; button_border_color=&#8220;rgba(0,0,0,0)&#8220; button_border_radius=&#8220;100px&#8220; button_letter_spacing=&#8220;2px&#8220; button_font=&#8220;Montserrat|500||on|||||&#8220; button_use_icon=&#8220;off&#8220; custom_padding=&#8220;16px|30px|16px|30px|true|true&#8220; box_shadow_style=&#8220;preset1&#8243; box_shadow_vertical=&#8220;10px&#8220; box_shadow_blur=&#8220;20px&#8220; box_shadow_color=&#8220;rgba(21,195,154,0.3)&#8220; button_letter_spacing_hover=&#8220;2px&#8220; locked=&#8220;off&#8220; global_colors_info=&#8220;{}&#8220; button_text_size__hover_enabled=&#8220;off&#8220; button_one_text_size__hover_enabled=&#8220;off&#8220; button_two_text_size__hover_enabled=&#8220;off&#8220; button_text_color__hover_enabled=&#8220;off&#8220; button_one_text_color__hover_enabled=&#8220;off&#8220; button_two_text_color__hover_enabled=&#8220;off&#8220; button_border_width__hover_enabled=&#8220;off&#8220; button_one_border_width__hover_enabled=&#8220;off&#8220; button_two_border_width__hover_enabled=&#8220;off&#8220; button_border_color__hover_enabled=&#8220;off&#8220; button_one_border_color__hover_enabled=&#8220;off&#8220; button_two_border_color__hover_enabled=&#8220;off&#8220; button_border_radius__hover_enabled=&#8220;off&#8220; button_one_border_radius__hover_enabled=&#8220;off&#8220; button_two_border_radius__hover_enabled=&#8220;off&#8220; button_letter_spacing__hover_enabled=&#8220;on&#8220; button_letter_spacing__hover=&#8220;2px&#8220; button_one_letter_spacing__hover_enabled=&#8220;off&#8220; button_two_letter_spacing__hover_enabled=&#8220;off&#8220; button_bg_color__hover_enabled=&#8220;off&#8220; button_one_bg_color__hover_enabled=&#8220;off&#8220; button_two_bg_color__hover_enabled=&#8220;off&#8220;][\/et_pb_button][\/et_pb_column][et_pb_column type=&#8220;1_2&#8243; _builder_version=&#8220;4.16&#8243; custom_padding=&#8220;|||&#8220; global_colors_info=&#8220;{}&#8220; custom_padding__hover=&#8220;|||&#8220;][et_pb_image src=&#8220;https:\/\/christelkine.ch\/wp-content\/uploads\/2020\/03\/Dietitian_Illustration_10-1.jpg&#8220; align_tablet=&#8220;center&#8220; align_phone=&#8220;&#8220; align_last_edited=&#8220;on|desktop&#8220; _builder_version=&#8220;4.16&#8243; global_colors_info=&#8220;{}&#8220;][\/et_pb_image][\/et_pb_column][\/et_pb_row][\/et_pb_section]<\/p>\n","protected":false},"excerpt":{"rendered":"<p>Die Kraft der kinesiologie Die Kinesiologie -die Therapie der Bewegung- erm\u00f6glicht es Ihnen, mit Muskeltests seelische Ungleichgewichte zu erkennen, die durch schwierige Erlebnisse ausgel\u00f6st wurden. Die Kinesiologie begleitet Sie beim Reaktivieren Ihrer inneren Ressourcen, um Ihr physisches, mentales und emotionales Gleichgewicht wiederzufinden. Ihr K\u00f6rper ist intelligent. Wir begleiten Sie dabei, das zu entdecken. Durch die [&hellip;]<\/p>\n","protected":false},"author":1,"featured_media":0,"parent":0,"menu_order":0,"comment_status":"closed","ping_status":"closed","template":"","meta":{"_et_pb_use_builder":"on","_et_pb_old_content":"","_et_gb_content_width":"","footnotes":""},"class_list":["post-29097","page","type-page","status-publish","hentry"],"aioseo_notices":[],"_links":{"self":[{"href":"https:\/\/christelkine.ch\/de\/wp-json\/wp\/v2\/pages\/29097","targetHints":{"allow":["GET"]}}],"collection":[{"href":"https:\/\/christelkine.ch\/de\/wp-json\/wp\/v2\/pages"}],"about":[{"href":"https:\/\/christelkine.ch\/de\/wp-json\/wp\/v2\/types\/page"}],"author":[{"embeddable":true,"href":"https:\/\/christelkine.ch\/de\/wp-json\/wp\/v2\/users\/1"}],"replies":[{"embeddable":true,"href":"https:\/\/christelkine.ch\/de\/wp-json\/wp\/v2\/comments?post=29097"}],"version-history":[{"count":4,"href":"https:\/\/christelkine.ch\/de\/wp-json\/wp\/v2\/pages\/29097\/revisions"}],"predecessor-version":[{"id":29145,"href":"https:\/\/christelkine.ch\/de\/wp-json\/wp\/v2\/pages\/29097\/revisions\/29145"}],"wp:attachment":[{"href":"https:\/\/christelkine.ch\/de\/wp-json\/wp\/v2\/media?parent=29097"}],"curies":[{"name":"wp","href":"https:\/\/api.w.org\/{rel}","templated":true}]}}