{"id":29088,"date":"2020-03-01T18:10:24","date_gmt":"2020-03-01T17:10:24","guid":{"rendered":"https:\/\/christelkine.ch\/angebote\/"},"modified":"2023-04-07T14:09:12","modified_gmt":"2023-04-07T12:09:12","slug":"angebote","status":"publish","type":"page","link":"https:\/\/christelkine.ch\/de\/angebote\/","title":{"rendered":"Angebote"},"content":{"rendered":"<p>[et_pb_section fb_built=&#8220;1&#8243; admin_label=&#8220;Header&#8220; _builder_version=&#8220;4.16&#8243; global_colors_info=&#8220;{}&#8220;][et_pb_row column_structure=&#8220;1_2,1_2&#8243; _builder_version=&#8220;4.16&#8243; background_size=&#8220;contain&#8220; animation_style=&#8220;zoom&#8220; animation_intensity_zoom=&#8220;10%&#8220; global_colors_info=&#8220;{}&#8220;][et_pb_column type=&#8220;1_2&#8243; _builder_version=&#8220;4.16&#8243; custom_padding=&#8220;80px|||&#8220; custom_padding_tablet=&#8220;0px|||&#8220; custom_padding_phone=&#8220;&#8220; custom_padding_last_edited=&#8220;on|tablet&#8220; global_colors_info=&#8220;{}&#8220; custom_padding__hover=&#8220;|||&#8220;][et_pb_text _builder_version=&#8220;4.20.4&#8243; text_font=&#8220;||||||||&#8220; ul_font=&#8220;||||||||&#8220; ol_font=&#8220;||||||||&#8220; header_font=&#8220;Montserrat|500||on|||||&#8220; header_font_size=&#8220;18px&#8220; header_letter_spacing=&#8220;5px&#8220; header_line_height=&#8220;1.5em&#8220; header_2_font=&#8220;Merriweather|700|||||||&#8220; header_2_font_size=&#8220;60px&#8220; header_2_line_height=&#8220;1.4em&#8220; header_3_font=&#8220;||||||||&#8220; header_4_font=&#8220;||||||||&#8220; header_5_font=&#8220;||||||||&#8220; header_6_font=&#8220;||||||||&#8220; header_font_size_tablet=&#8220;&#8220; header_font_size_phone=&#8220;12px&#8220; header_font_size_last_edited=&#8220;on|desktop&#8220; header_2_font_size_tablet=&#8220;50px&#8220; header_2_font_size_phone=&#8220;30px&#8220; header_2_font_size_last_edited=&#8220;on|desktop&#8220; global_colors_info=&#8220;{}&#8220;]<\/p>\n<h2>Angebote<\/h2>\n<p><span style=\"font-size: 14px;\"> <\/span><\/p>\n<p><span style=\"font-family: Montserrat, Helvetica, Arial, Lucida, sans-serif; font-size: 18px; letter-spacing: 5px; text-transform: uppercase; color: #333333;\">KENNEN SIE DIESE GEF\u00dcHLSLAGEN?<\/span><\/p>\n<p>&nbsp;<\/p>\n<p>Stress<br \/>\u00c4ngstlichkeit<br \/>\u00dcberforderung<br \/>M\u00fcdigkeit<br \/>Schlafst\u00f6rungen<br \/>Emotionale Beschwerden<br \/>Schmerzen<br \/>Konzentrationsmangel<br \/>Erinnerungsl\u00fccken<br \/>Motivationsverlust<\/p>\n<p>Wollen sie ihr Wohlbefinden verbessern, ihre W\u00fcnsche und Ziele besser verstehen und sich selbst kennenlernen?<\/p>\n<p class=\"p1\">Haben sie ein Verlangen nach Harmonie und seelischem Gleichgewicht?<\/p>\n<p class=\"p1\">Jeder der mit diesen Situationen konfrontiert wird, sucht nach Mittel, um sein inneres Gleichgewicht wiederherzustellen. Manche schaffen es alleine, andere brauchen einen kleinen Anstoss in die richtige Richtung.<\/p>\n<h2><span style=\"font-family: Montserrat, Helvetica, Arial, Lucida, sans-serif; font-size: 18px; font-weight: 500; letter-spacing: 5px; text-transform: uppercase;\"><\/span><\/h2>\n<p>&nbsp;<\/p>\n<p>[\/et_pb_text][et_pb_button button_url=&#8220;\/de\/indikationen\/&#8220; button_text=&#8220;die kraft der kinesiologie&#8220; _builder_version=&#8220;4.20.4&#8243; custom_button=&#8220;on&#8220; button_text_size=&#8220;13px&#8220; button_text_color=&#8220;#FFFFFF&#8220; button_bg_color=&#8220;#97c28a&#8220; button_border_width=&#8220;0px&#8220; button_border_color=&#8220;rgba(0,0,0,0)&#8220; button_border_radius=&#8220;100px&#8220; button_letter_spacing=&#8220;2px&#8220; button_font=&#8220;Montserrat|500||on|||||&#8220; button_use_icon=&#8220;off&#8220; custom_padding=&#8220;16px|30px|16px|30px|true|true&#8220; hover_enabled=&#8220;0&#8243; box_shadow_style=&#8220;preset1&#8243; box_shadow_vertical=&#8220;10px&#8220; box_shadow_blur=&#8220;20px&#8220; box_shadow_color=&#8220;rgba(21,195,154,0.3)&#8220; button_letter_spacing_hover=&#8220;2px&#8220; locked=&#8220;off&#8220; global_colors_info=&#8220;{}&#8220; button_text_size__hover_enabled=&#8220;off&#8220; button_one_text_size__hover_enabled=&#8220;off&#8220; button_two_text_size__hover_enabled=&#8220;off&#8220; button_text_color__hover_enabled=&#8220;off&#8220; button_one_text_color__hover_enabled=&#8220;off&#8220; button_two_text_color__hover_enabled=&#8220;off&#8220; button_border_width__hover_enabled=&#8220;off&#8220; button_one_border_width__hover_enabled=&#8220;off&#8220; button_two_border_width__hover_enabled=&#8220;off&#8220; button_border_color__hover_enabled=&#8220;off&#8220; button_one_border_color__hover_enabled=&#8220;off&#8220; button_two_border_color__hover_enabled=&#8220;off&#8220; button_border_radius__hover_enabled=&#8220;off&#8220; button_one_border_radius__hover_enabled=&#8220;off&#8220; button_two_border_radius__hover_enabled=&#8220;off&#8220; button_letter_spacing__hover_enabled=&#8220;on&#8220; button_letter_spacing__hover=&#8220;2px&#8220; button_one_letter_spacing__hover_enabled=&#8220;off&#8220; button_two_letter_spacing__hover_enabled=&#8220;off&#8220; button_bg_color__hover_enabled=&#8220;off&#8220; button_one_bg_color__hover_enabled=&#8220;off&#8220; button_two_bg_color__hover_enabled=&#8220;off&#8220; sticky_enabled=&#8220;0&#8243;][\/et_pb_button][\/et_pb_column][et_pb_column type=&#8220;1_2&#8243; _builder_version=&#8220;4.16&#8243; custom_padding=&#8220;|||&#8220; global_colors_info=&#8220;{}&#8220; custom_padding__hover=&#8220;|||&#8220;][et_pb_image src=&#8220;https:\/\/christelkine.ch\/wp-content\/uploads\/2020\/03\/Dietitian_Illustration_10-1.jpg&#8220; align_tablet=&#8220;center&#8220; align_phone=&#8220;&#8220; align_last_edited=&#8220;on|desktop&#8220; _builder_version=&#8220;4.16&#8243; global_colors_info=&#8220;{}&#8220;][\/et_pb_image][\/et_pb_column][\/et_pb_row][\/et_pb_section]<\/p>\n","protected":false},"excerpt":{"rendered":"<p>Angebote KENNEN SIE DIESE GEF\u00dcHLSLAGEN? &nbsp; Stress\u00c4ngstlichkeit\u00dcberforderungM\u00fcdigkeitSchlafst\u00f6rungenEmotionale BeschwerdenSchmerzenKonzentrationsmangelErinnerungsl\u00fcckenMotivationsverlust Wollen sie ihr Wohlbefinden verbessern, ihre W\u00fcnsche und Ziele besser verstehen und sich selbst kennenlernen? Haben sie ein Verlangen nach Harmonie und seelischem Gleichgewicht? Jeder der mit diesen Situationen konfrontiert wird, sucht nach Mittel, um sein inneres Gleichgewicht wiederherzustellen. Manche schaffen es alleine, andere brauchen einen kleinen [&hellip;]<\/p>\n","protected":false},"author":1,"featured_media":0,"parent":0,"menu_order":0,"comment_status":"closed","ping_status":"closed","template":"","meta":{"_et_pb_use_builder":"on","_et_pb_old_content":"","_et_gb_content_width":"","footnotes":""},"class_list":["post-29088","page","type-page","status-publish","hentry"],"aioseo_notices":[],"_links":{"self":[{"href":"https:\/\/christelkine.ch\/de\/wp-json\/wp\/v2\/pages\/29088","targetHints":{"allow":["GET"]}}],"collection":[{"href":"https:\/\/christelkine.ch\/de\/wp-json\/wp\/v2\/pages"}],"about":[{"href":"https:\/\/christelkine.ch\/de\/wp-json\/wp\/v2\/types\/page"}],"author":[{"embeddable":true,"href":"https:\/\/christelkine.ch\/de\/wp-json\/wp\/v2\/users\/1"}],"replies":[{"embeddable":true,"href":"https:\/\/christelkine.ch\/de\/wp-json\/wp\/v2\/comments?post=29088"}],"version-history":[{"count":4,"href":"https:\/\/christelkine.ch\/de\/wp-json\/wp\/v2\/pages\/29088\/revisions"}],"predecessor-version":[{"id":29096,"href":"https:\/\/christelkine.ch\/de\/wp-json\/wp\/v2\/pages\/29088\/revisions\/29096"}],"wp:attachment":[{"href":"https:\/\/christelkine.ch\/de\/wp-json\/wp\/v2\/media?parent=29088"}],"curies":[{"name":"wp","href":"https:\/\/api.w.org\/{rel}","templated":true}]}}